{"id":113,"date":"2022-02-24T00:37:09","date_gmt":"2022-02-24T00:37:09","guid":{"rendered":"http:\/\/tdi_2_696"},"modified":"2022-02-24T00:37:09","modified_gmt":"2022-02-24T00:37:09","slug":"about-us","status":"publish","type":"page","link":"https:\/\/fgm-cdonor.org\/?page_id=113","title":{"rendered":"About Us"},"content":{"rendered":"<div id=\"tdi_1\" class=\"tdc-row stretch_row\"><div class=\"vc_row tdi_2 td-contact-page-text wpb_row td-pb-row tdc-element-style\" >\n<style scoped>\n\n\/* custom css *\/\n.tdi_2,\r\n                .tdi_2 .tdc-columns{\r\n                    min-height: 0;\r\n                }.tdi_2,\r\n\t\t\t\t.tdi_2 .tdc-columns{\r\n\t\t\t\t    display: block;\r\n\t\t\t\t}.tdi_2 .tdc-columns{\r\n\t\t\t\t    width: 100%;\r\n\t\t\t\t}\n\/* inline tdc_css att *\/\n\n.tdi_2{\nmargin-bottom:0px !important;\npadding-top:0px !important;\npadding-bottom:0px !important;\nposition:relative;\n}\n\n.tdi_2 .td_block_wrap{ text-align:left }\n\n<\/style>\n<div class=\"tdi_1_rand_style td-element-style\" ><div class=\"td-element-style-before\"><style>\n.tdi_1_rand_style > .td-element-style-before {\ncontent:'' !important;\nwidth:100% !important;\nheight:100% !important;\nposition:absolute !important;\ntop:0 !important;\nleft:0 !important;\ndisplay:block !important;\nz-index:0 !important;\nbackground-position:center bottom !important;\nbackground-size:cover !important;\n}\n<\/style><\/div><\/div><div class=\"vc_column tdi_4  wpb_column vc_column_container tdc-column td-pb-span12\">\n<style scoped>\n\n\/* custom css *\/\n.tdi_4{\r\n                    vertical-align: baseline;\r\n                }.tdi_4 > .wpb_wrapper,\r\n\t\t\t\t.tdi_4 > .wpb_wrapper > .tdc-elements{\r\n\t\t\t\t    display: block;\r\n\t\t\t\t}.tdi_4 > .wpb_wrapper > .tdc-elements{\r\n\t\t\t\t    width: 100%;\r\n\t\t\t\t}.tdi_4 > .wpb_wrapper > .vc_row_inner{\r\n\t\t\t\t    width: auto;\r\n\t\t\t\t}.tdi_4 > .wpb_wrapper{\r\n\t\t\t\t    width: auto;\r\n\t\t\t\t    height: auto;\r\n\t\t\t\t}\n<\/style><div class=\"wpb_wrapper\"><div class=\"td_block_wrap td_block_text_with_title tdi_5 tagdiv-type td-pb-border-top td_block_template_6\"  data-td-block-uid=\"tdi_5\" >\n<style>\n\n\/* inline tdc_css att *\/\n\n.tdi_5{\npadding-right:180px !important;\npadding-left:180px !important;\n}\n\n\/* phone *\/\n@media (max-width: 767px)\n{\n.tdi_5{\npadding-right:30px !important;\npadding-left:30px !important;\n}\n}\n\n<\/style>\n<style>\n\/* custom css *\/\n.td_block_text_with_title{\r\n                  margin-bottom: 44px;\r\n                  -webkit-transform: translateZ(0);\r\n                  transform: translateZ(0);\r\n                }.td_block_text_with_title p:last-child{\r\n                  margin-bottom: 0;\r\n                }\n<\/style><div class=\"td-block-title-wrap\"><\/div><div class=\"td_mod_wrap td-fix-index\"><h1 style=\"text-align: center;\">Architecture is the will of an epoch translated into space<\/h1>\n<p style=\"text-align: right; margin-right: 20px; font-size: 12px;\"><em>Ludwig Mies van der Rohe<\/em><\/p>\n<p style=\"text-align: center;\"><span style=\"font-size: 15px;\">Newspaper Architecture &amp; Design is your ultimate inspiration, knowledge, architecture and design magazine website. We give you the best architecture, design and interiors projects and latest news from around the world.<\/span><\/p>\n<\/div><\/div><\/div><\/div><\/div><\/div><div id=\"tdi_6\" class=\"tdc-row\"><div class=\"vc_row tdi_7 td-contact-page-text wpb_row td-pb-row\" >\n<style scoped>\n\n\/* custom css *\/\n.tdi_7,\r\n                .tdi_7 .tdc-columns{\r\n                    min-height: 0;\r\n                }.tdi_7,\r\n\t\t\t\t.tdi_7 .tdc-columns{\r\n\t\t\t\t    display: block;\r\n\t\t\t\t}.tdi_7 .tdc-columns{\r\n\t\t\t\t    width: 100%;\r\n\t\t\t\t}\n<\/style><div class=\"vc_column tdi_9  wpb_column vc_column_container tdc-column td-pb-span12\">\n<style scoped>\n\n\/* custom css *\/\n.tdi_9{\r\n                    vertical-align: baseline;\r\n                }.tdi_9 > .wpb_wrapper,\r\n\t\t\t\t.tdi_9 > .wpb_wrapper > .tdc-elements{\r\n\t\t\t\t    display: block;\r\n\t\t\t\t}.tdi_9 > .wpb_wrapper > .tdc-elements{\r\n\t\t\t\t    width: 100%;\r\n\t\t\t\t}.tdi_9 > .wpb_wrapper > .vc_row_inner{\r\n\t\t\t\t    width: auto;\r\n\t\t\t\t}.tdi_9 > .wpb_wrapper{\r\n\t\t\t\t    width: auto;\r\n\t\t\t\t    height: auto;\r\n\t\t\t\t}\n<\/style><div class=\"wpb_wrapper\"><div class=\"td_block_wrap td_block_text_with_title tdi_10 tagdiv-type td-pb-border-top td_block_template_6\"  data-td-block-uid=\"tdi_10\" ><div class=\"td-block-title-wrap\"><\/div><div class=\"td_mod_wrap td-fix-index\"><div class=\"td-paragraph-padding-5\">\n<p style=\"text-align: center;\">Newspaper Architecture &amp; Design was founded on 1st March 2017.<\/p>\n<p style=\"text-align: center;\">Our mission is to broadcast is your ultimate inspiration, knowledge, architecture and design magazine website. We give you the best architecture, design and interiors projects and latest news from around the world.<\/p>\n<p style=\"text-align: center;\">This website, first of all started by the desire to collect the most important information and help architects create better architecture, to deliver inspiration, tools and knowledge to the our visitors.<\/p>\n<p style=\"text-align: center;\">Enjoy what we picked up for you and visit source sites recommended for more details.<\/p>\n<\/div>\n<\/div><\/div><\/div><\/div><\/div><\/div><div id=\"tdi_11\" class=\"tdc-row\"><div class=\"vc_row tdi_12  wpb_row td-pb-row\" >\n<style scoped>\n\n\/* custom css *\/\n.tdi_12,\r\n                .tdi_12 .tdc-columns{\r\n                    min-height: 0;\r\n                }.tdi_12,\r\n\t\t\t\t.tdi_12 .tdc-columns{\r\n\t\t\t\t    display: block;\r\n\t\t\t\t}.tdi_12 .tdc-columns{\r\n\t\t\t\t    width: 100%;\r\n\t\t\t\t}\n<\/style><div class=\"vc_column tdi_14  wpb_column vc_column_container tdc-column td-pb-span12\">\n<style scoped>\n\n\/* custom css *\/\n.tdi_14{\r\n                    vertical-align: baseline;\r\n                }.tdi_14 > .wpb_wrapper,\r\n\t\t\t\t.tdi_14 > .wpb_wrapper > .tdc-elements{\r\n\t\t\t\t    display: block;\r\n\t\t\t\t}.tdi_14 > .wpb_wrapper > .tdc-elements{\r\n\t\t\t\t    width: 100%;\r\n\t\t\t\t}.tdi_14 > .wpb_wrapper > .vc_row_inner{\r\n\t\t\t\t    width: auto;\r\n\t\t\t\t}.tdi_14 > .wpb_wrapper{\r\n\t\t\t\t    width: auto;\r\n\t\t\t\t    height: auto;\r\n\t\t\t\t}\n<\/style><div class=\"wpb_wrapper\"><div class=\"td_block_wrap td_block_5 tdi_15 td-pb-border-top td_block_template_6 td-column-3 td_block_padding\"  data-td-block-uid=\"tdi_15\" ><script>var block_tdi_15 = new tdBlock();\nblock_tdi_15.id = \"tdi_15\";\nblock_tdi_15.atts = '{\"limit\":\"6\",\"block_type\":\"td_block_5\",\"separator\":\"\",\"custom_title\":\"\",\"custom_url\":\"\",\"block_template_id\":\"\",\"m3_tl\":\"\",\"post_ids\":\"\",\"category_id\":\"\",\"category_ids\":\"\",\"tag_slug\":\"\",\"autors_id\":\"\",\"installed_post_types\":\"\",\"sort\":\"\",\"offset\":\"\",\"show_modified_date\":\"\",\"time_ago\":\"\",\"time_ago_add_txt\":\"ago\",\"el_class\":\"\",\"td_ajax_filter_type\":\"\",\"td_ajax_filter_ids\":\"\",\"td_filter_default_txt\":\"All\",\"td_ajax_preloading\":\"\",\"f_header_font_header\":\"\",\"f_header_font_title\":\"Block header\",\"f_header_font_settings\":\"\",\"f_header_font_family\":\"\",\"f_header_font_size\":\"\",\"f_header_font_line_height\":\"\",\"f_header_font_style\":\"\",\"f_header_font_weight\":\"\",\"f_header_font_transform\":\"\",\"f_header_font_spacing\":\"\",\"f_header_\":\"\",\"f_ajax_font_title\":\"Ajax categories\",\"f_ajax_font_settings\":\"\",\"f_ajax_font_family\":\"\",\"f_ajax_font_size\":\"\",\"f_ajax_font_line_height\":\"\",\"f_ajax_font_style\":\"\",\"f_ajax_font_weight\":\"\",\"f_ajax_font_transform\":\"\",\"f_ajax_font_spacing\":\"\",\"f_ajax_\":\"\",\"f_more_font_title\":\"Load more button\",\"f_more_font_settings\":\"\",\"f_more_font_family\":\"\",\"f_more_font_size\":\"\",\"f_more_font_line_height\":\"\",\"f_more_font_style\":\"\",\"f_more_font_weight\":\"\",\"f_more_font_transform\":\"\",\"f_more_font_spacing\":\"\",\"f_more_\":\"\",\"m3f_title_font_header\":\"\",\"m3f_title_font_title\":\"Article title\",\"m3f_title_font_settings\":\"\",\"m3f_title_font_family\":\"\",\"m3f_title_font_size\":\"\",\"m3f_title_font_line_height\":\"\",\"m3f_title_font_style\":\"\",\"m3f_title_font_weight\":\"\",\"m3f_title_font_transform\":\"\",\"m3f_title_font_spacing\":\"\",\"m3f_title_\":\"\",\"m3f_cat_font_title\":\"Article category tag\",\"m3f_cat_font_settings\":\"\",\"m3f_cat_font_family\":\"\",\"m3f_cat_font_size\":\"\",\"m3f_cat_font_line_height\":\"\",\"m3f_cat_font_style\":\"\",\"m3f_cat_font_weight\":\"\",\"m3f_cat_font_transform\":\"\",\"m3f_cat_font_spacing\":\"\",\"m3f_cat_\":\"\",\"m3f_meta_font_title\":\"Article meta info\",\"m3f_meta_font_settings\":\"\",\"m3f_meta_font_family\":\"\",\"m3f_meta_font_size\":\"\",\"m3f_meta_font_line_height\":\"\",\"m3f_meta_font_style\":\"\",\"m3f_meta_font_weight\":\"\",\"m3f_meta_font_transform\":\"\",\"m3f_meta_font_spacing\":\"\",\"m3f_meta_\":\"\",\"ajax_pagination\":\"\",\"ajax_pagination_infinite_stop\":\"\",\"css\":\"\",\"tdc_css\":\"\",\"td_column_number\":3,\"header_color\":\"\",\"color_preset\":\"\",\"border_top\":\"\",\"class\":\"tdi_15\",\"tdc_css_class\":\"tdi_15\",\"tdc_css_class_style\":\"tdi_15_rand_style\"}';\nblock_tdi_15.td_column_number = \"3\";\nblock_tdi_15.block_type = \"td_block_5\";\nblock_tdi_15.post_count = \"6\";\nblock_tdi_15.found_posts = \"15\";\nblock_tdi_15.header_color = \"\";\nblock_tdi_15.ajax_pagination_infinite_stop = \"\";\nblock_tdi_15.max_num_pages = \"3\";\ntdBlocksArray.push(block_tdi_15);\n<\/script><div class=\"td-block-title-wrap\"><\/div><div id=tdi_15 class=\"td_block_inner\">\n\n\t<div class=\"td-block-row\">\n\n\t<div class=\"td-block-span4\">\n\r\n        <div class=\"td_module_3 td_module_wrap td-animation-stack\">\r\n            <div class=\"td-module-image\">\r\n                <div class=\"td-module-thumb\"><a href=\"https:\/\/fgm-cdonor.org\/?p=388\" rel=\"bookmark\" class=\"td-image-wrap \" title=\"Conseils pour cr\u00e9er un contenu visuel r\u00e9sistant aux intemp\u00e9ries\" ><img loading=\"lazy\" decoding=\"async\" class=\"entry-thumb\" src=\"data:image\/png;base64,iVBORw0KGgoAAAANSUhEUgAAAUQAAADrAQMAAAArGX0KAAAAA1BMVEWurq51dlI4AAAAAXRSTlMmkutdmwAAACBJREFUaN7twTEBAAAAwiD7pzbEXmAAAAAAAAAAAACQHSaOAAGSp1GBAAAAAElFTkSuQmCC\" alt=\"Conseils pour cr\u00e9er un contenu visuel r\u00e9sistant aux intemp\u00e9ries\n\" title=\"Conseils pour cr\u00e9er un contenu visuel r\u00e9sistant aux intemp\u00e9ries\" data-type=\"image_tag\" data-img-url=\"https:\/\/fgm-cdonor.org\/wp-content\/uploads\/2022\/02\/1645684006_Conseils-pour-creer-un-contenu-visuel-resistant-aux-intemperies-324x235.jpg\"  width=\"324\" height=\"235\" \/><\/a><\/div>                <a href=\"https:\/\/fgm-cdonor.org\/?cat=1\" class=\"td-post-category\">Sans Cat\u00e9gorie<\/a>            <\/div>\r\n            <h3 class=\"entry-title td-module-title\"><a href=\"https:\/\/fgm-cdonor.org\/?p=388\" rel=\"bookmark\" title=\"Conseils pour cr\u00e9er un contenu visuel r\u00e9sistant aux intemp\u00e9ries\">Conseils pour cr\u00e9er un contenu visuel r\u00e9sistant aux intemp\u00e9ries<\/a><\/h3>\r\n\r\n            <div class=\"td-module-meta-info\">\r\n                <span class=\"td-post-author-name\"><a href=\"https:\/\/fgm-cdonor.org\/?author=1\">fgmcdonor<\/a><\/span>                                            <\/div>\r\n\r\n            \r\n        <\/div>\r\n\r\n        \n\t<\/div> <!-- .\/td-block-span4 -->\n\n\t<div class=\"td-block-span4\">\n\r\n        <div class=\"td_module_3 td_module_wrap td-animation-stack\">\r\n            <div class=\"td-module-image\">\r\n                <div class=\"td-module-thumb\"><a href=\"https:\/\/fgm-cdonor.org\/?p=420\" rel=\"bookmark\" class=\"td-image-wrap \" title=\"Les meilleurs cr\u00e9ateurs de logo en 2024\" ><img loading=\"lazy\" decoding=\"async\" class=\"entry-thumb\" src=\"data:image\/png;base64,iVBORw0KGgoAAAANSUhEUgAAAUQAAADrAQMAAAArGX0KAAAAA1BMVEWurq51dlI4AAAAAXRSTlMmkutdmwAAACBJREFUaN7twTEBAAAAwiD7pzbEXmAAAAAAAAAAAACQHSaOAAGSp1GBAAAAAElFTkSuQmCC\" alt=\"Les meilleurs cr\u00e9ateurs de logo en 2022\n\" title=\"Les meilleurs cr\u00e9ateurs de logo en 2024\" data-type=\"image_tag\" data-img-url=\"https:\/\/fgm-cdonor.org\/wp-content\/uploads\/2022\/02\/1645738043_Les-meilleurs-createurs-de-logo-en-2022-324x235.jpg\"  width=\"324\" height=\"235\" \/><\/a><\/div>                <a href=\"https:\/\/fgm-cdonor.org\/?cat=27\" class=\"td-post-category\">Entreprise<\/a>            <\/div>\r\n            <h3 class=\"entry-title td-module-title\"><a href=\"https:\/\/fgm-cdonor.org\/?p=420\" rel=\"bookmark\" title=\"Les meilleurs cr\u00e9ateurs de logo en 2024\">Les meilleurs cr\u00e9ateurs de logo en 2024<\/a><\/h3>\r\n\r\n            <div class=\"td-module-meta-info\">\r\n                <span class=\"td-post-author-name\"><a href=\"https:\/\/fgm-cdonor.org\/?author=1\">fgmcdonor<\/a><\/span>                                            <\/div>\r\n\r\n            \r\n        <\/div>\r\n\r\n        \n\t<\/div> <!-- .\/td-block-span4 -->\n\n\t<div class=\"td-block-span4\">\n\r\n        <div class=\"td_module_3 td_module_wrap td-animation-stack\">\r\n            <div class=\"td-module-image\">\r\n                <div class=\"td-module-thumb\"><a href=\"https:\/\/fgm-cdonor.org\/?p=313\" rel=\"bookmark\" class=\"td-image-wrap \" title=\"Nouvelles et prix de r\u00e9approvisionnement de la PS5\" ><img loading=\"lazy\" decoding=\"async\" class=\"entry-thumb\" src=\"data:image\/png;base64,iVBORw0KGgoAAAANSUhEUgAAAUQAAADrAQMAAAArGX0KAAAAA1BMVEWurq51dlI4AAAAAXRSTlMmkutdmwAAACBJREFUaN7twTEBAAAAwiD7pzbEXmAAAAAAAAAAAACQHSaOAAGSp1GBAAAAAElFTkSuQmCC\" alt=\"PS5 restock news and prices\" title=\"Nouvelles et prix de r\u00e9approvisionnement de la PS5\" data-type=\"image_tag\" data-img-url=\"https:\/\/fgm-cdonor.org\/wp-content\/uploads\/2022\/02\/1645667204_PS5-restock-news-and-prices-324x235.jpg\"  width=\"324\" height=\"235\" \/><\/a><\/div>                <a href=\"https:\/\/fgm-cdonor.org\/?cat=1\" class=\"td-post-category\">Sans Cat\u00e9gorie<\/a>            <\/div>\r\n            <h3 class=\"entry-title td-module-title\"><a href=\"https:\/\/fgm-cdonor.org\/?p=313\" rel=\"bookmark\" title=\"Nouvelles et prix de r\u00e9approvisionnement de la PS5\">Nouvelles et prix de r\u00e9approvisionnement de la PS5<\/a><\/h3>\r\n\r\n            <div class=\"td-module-meta-info\">\r\n                <span class=\"td-post-author-name\"><a href=\"https:\/\/fgm-cdonor.org\/?author=1\">fgmcdonor<\/a><\/span>                                            <\/div>\r\n\r\n            \r\n        <\/div>\r\n\r\n        \n\t<\/div> <!-- .\/td-block-span4 --><\/div><!--.\/row-fluid-->\n\n\t<div class=\"td-block-row\">\n\n\t<div class=\"td-block-span4\">\n\r\n        <div class=\"td_module_3 td_module_wrap td-animation-stack\">\r\n            <div class=\"td-module-image\">\r\n                <div class=\"td-module-thumb\"><a href=\"https:\/\/fgm-cdonor.org\/?p=393\" rel=\"bookmark\" class=\"td-image-wrap \" title=\"4 conseils pour am\u00e9liorer l&rsquo;attention des lecteurs d&#8217;emails\" ><img loading=\"lazy\" decoding=\"async\" class=\"entry-thumb\" src=\"data:image\/png;base64,iVBORw0KGgoAAAANSUhEUgAAAUQAAADrAQMAAAArGX0KAAAAA1BMVEWurq51dlI4AAAAAXRSTlMmkutdmwAAACBJREFUaN7twTEBAAAAwiD7pzbEXmAAAAAAAAAAAACQHSaOAAGSp1GBAAAAAElFTkSuQmCC\" alt=\"4 conseils pour am\u00e9liorer l&#039;attention des lecteurs de courrier \u00e9lectronique\n\" title=\"4 conseils pour am\u00e9liorer l&rsquo;attention des lecteurs d&#8217;emails\" data-type=\"image_tag\" data-img-url=\"https:\/\/fgm-cdonor.org\/wp-content\/uploads\/2022\/02\/4-conseils-pour-ameliorer-lattention-des-lecteurs-de-courrier-electronique-324x235.jpg\"  width=\"324\" height=\"235\" \/><\/a><\/div>                <a href=\"https:\/\/fgm-cdonor.org\/?cat=1\" class=\"td-post-category\">Sans Cat\u00e9gorie<\/a>            <\/div>\r\n            <h3 class=\"entry-title td-module-title\"><a href=\"https:\/\/fgm-cdonor.org\/?p=393\" rel=\"bookmark\" title=\"4 conseils pour am\u00e9liorer l&rsquo;attention des lecteurs d&#8217;emails\">4 conseils pour am\u00e9liorer l&rsquo;attention des lecteurs d&#8217;emails<\/a><\/h3>\r\n\r\n            <div class=\"td-module-meta-info\">\r\n                <span class=\"td-post-author-name\"><a href=\"https:\/\/fgm-cdonor.org\/?author=1\">fgmcdonor<\/a><\/span>                                            <\/div>\r\n\r\n            \r\n        <\/div>\r\n\r\n        \n\t<\/div> <!-- .\/td-block-span4 -->\n\n\t<div class=\"td-block-span4\">\n\r\n        <div class=\"td_module_3 td_module_wrap td-animation-stack\">\r\n            <div class=\"td-module-image\">\r\n                <div class=\"td-module-thumb\"><a href=\"https:\/\/fgm-cdonor.org\/?p=450\" rel=\"bookmark\" class=\"td-image-wrap \" title=\"8 excellentes strat\u00e9gies de marketing pour les petites entreprises\" ><img loading=\"lazy\" decoding=\"async\" class=\"entry-thumb\" src=\"data:image\/png;base64,iVBORw0KGgoAAAANSUhEUgAAAUQAAADrAQMAAAArGX0KAAAAA1BMVEWurq51dlI4AAAAAXRSTlMmkutdmwAAACBJREFUaN7twTEBAAAAwiD7pzbEXmAAAAAAAAAAAACQHSaOAAGSp1GBAAAAAElFTkSuQmCC\" alt=\"8 excellentes strat\u00e9gies de marketing pour les petites entreprises\n\" title=\"8 excellentes strat\u00e9gies de marketing pour les petites entreprises\" data-type=\"image_tag\" data-img-url=\"https:\/\/fgm-cdonor.org\/wp-content\/uploads\/2022\/03\/8-excellentes-strategies-de-marketing-pour-les-petites-entreprises-324x235.jpg\"  width=\"324\" height=\"235\" \/><\/a><\/div>                <a href=\"https:\/\/fgm-cdonor.org\/?cat=1\" class=\"td-post-category\">Sans Cat\u00e9gorie<\/a>            <\/div>\r\n            <h3 class=\"entry-title td-module-title\"><a href=\"https:\/\/fgm-cdonor.org\/?p=450\" rel=\"bookmark\" title=\"8 excellentes strat\u00e9gies de marketing pour les petites entreprises\">8 excellentes strat\u00e9gies de marketing pour les petites entreprises<\/a><\/h3>\r\n\r\n            <div class=\"td-module-meta-info\">\r\n                <span class=\"td-post-author-name\"><a href=\"https:\/\/fgm-cdonor.org\/?author=1\">fgmcdonor<\/a><\/span>                                            <\/div>\r\n\r\n            \r\n        <\/div>\r\n\r\n        \n\t<\/div> <!-- .\/td-block-span4 -->\n\n\t<div class=\"td-block-span4\">\n\r\n        <div class=\"td_module_3 td_module_wrap td-animation-stack\">\r\n            <div class=\"td-module-image\">\r\n                <div class=\"td-module-thumb\"><a href=\"https:\/\/fgm-cdonor.org\/?p=289\" rel=\"bookmark\" class=\"td-image-wrap \" title=\"5 meilleures fa\u00e7ons d&rsquo;am\u00e9liorer l&rsquo;exp\u00e9rience client\" ><img loading=\"lazy\" decoding=\"async\" class=\"entry-thumb\" src=\"data:image\/png;base64,iVBORw0KGgoAAAANSUhEUgAAAUQAAADrAQMAAAArGX0KAAAAA1BMVEWurq51dlI4AAAAAXRSTlMmkutdmwAAACBJREFUaN7twTEBAAAAwiD7pzbEXmAAAAAAAAAAAACQHSaOAAGSp1GBAAAAAElFTkSuQmCC\" alt=\"5 meilleures fa\u00e7ons d&#039;am\u00e9liorer l&#039;exp\u00e9rience client\n\" title=\"5 meilleures fa\u00e7ons d&rsquo;am\u00e9liorer l&rsquo;exp\u00e9rience client\" data-type=\"image_tag\" data-img-url=\"https:\/\/fgm-cdonor.org\/wp-content\/uploads\/2022\/02\/5-meilleures-facons-dameliorer-lexperience-client-324x235.jpg\"  width=\"324\" height=\"235\" \/><\/a><\/div>                <a href=\"https:\/\/fgm-cdonor.org\/?cat=27\" class=\"td-post-category\">Entreprise<\/a>            <\/div>\r\n            <h3 class=\"entry-title td-module-title\"><a href=\"https:\/\/fgm-cdonor.org\/?p=289\" rel=\"bookmark\" title=\"5 meilleures fa\u00e7ons d&rsquo;am\u00e9liorer l&rsquo;exp\u00e9rience client\">5 meilleures fa\u00e7ons d&rsquo;am\u00e9liorer l&rsquo;exp\u00e9rience client<\/a><\/h3>\r\n\r\n            <div class=\"td-module-meta-info\">\r\n                <span class=\"td-post-author-name\"><a href=\"https:\/\/fgm-cdonor.org\/?author=1\">fgmcdonor<\/a><\/span>                                            <\/div>\r\n\r\n            \r\n        <\/div>\r\n\r\n        \n\t<\/div> <!-- .\/td-block-span4 --><\/div><!--.\/row-fluid--><\/div><\/div> <!-- .\/block --><\/div><\/div><\/div><\/div>","protected":false},"excerpt":{"rendered":"","protected":false},"author":1,"featured_media":0,"parent":0,"menu_order":0,"comment_status":"open","ping_status":"closed","template":"page-pagebuilder-title.php","meta":{"footnotes":""},"class_list":["post-113","page","type-page","status-publish"],"yoast_head":"<!-- This site is optimized with the Yoast SEO plugin v25.6 - https:\/\/yoast.com\/wordpress\/plugins\/seo\/ -->\n<title>About Us - FGM CDONOR<\/title>\n<meta name=\"robots\" content=\"index, follow, max-snippet:-1, max-image-preview:large, max-video-preview:-1\" \/>\n<link rel=\"canonical\" href=\"https:\/\/fgm-cdonor.org\/?page_id=113\" \/>\n<meta property=\"og:locale\" content=\"fr_FR\" \/>\n<meta property=\"og:type\" content=\"article\" \/>\n<meta property=\"og:title\" content=\"About Us - FGM CDONOR\" \/>\n<meta property=\"og:url\" content=\"https:\/\/fgm-cdonor.org\/?page_id=113\" \/>\n<meta property=\"og:site_name\" content=\"FGM CDONOR\" \/>\n<meta name=\"twitter:card\" content=\"summary_large_image\" \/>\n<meta name=\"twitter:label1\" content=\"Dur\u00e9e de lecture estim\u00e9e\" \/>\n\t<meta name=\"twitter:data1\" content=\"1 minute\" \/>\n<script type=\"application\/ld+json\" class=\"yoast-schema-graph\">{\"@context\":\"https:\/\/schema.org\",\"@graph\":[{\"@type\":\"WebPage\",\"@id\":\"https:\/\/fgm-cdonor.org\/?page_id=113\",\"url\":\"https:\/\/fgm-cdonor.org\/?page_id=113\",\"name\":\"About Us - FGM CDONOR\",\"isPartOf\":{\"@id\":\"https:\/\/fgm-cdonor.org\/#website\"},\"datePublished\":\"2022-02-24T00:37:09+00:00\",\"breadcrumb\":{\"@id\":\"https:\/\/fgm-cdonor.org\/?page_id=113#breadcrumb\"},\"inLanguage\":\"fr-FR\",\"potentialAction\":[{\"@type\":\"ReadAction\",\"target\":[\"https:\/\/fgm-cdonor.org\/?page_id=113\"]}]},{\"@type\":\"BreadcrumbList\",\"@id\":\"https:\/\/fgm-cdonor.org\/?page_id=113#breadcrumb\",\"itemListElement\":[{\"@type\":\"ListItem\",\"position\":1,\"name\":\"Accueil\",\"item\":\"https:\/\/fgm-cdonor.org\/\"},{\"@type\":\"ListItem\",\"position\":2,\"name\":\"About Us\"}]},{\"@type\":\"WebSite\",\"@id\":\"https:\/\/fgm-cdonor.org\/#website\",\"url\":\"https:\/\/fgm-cdonor.org\/\",\"name\":\"FGM CDONOR\",\"description\":\"Design Blog\",\"publisher\":{\"@id\":\"https:\/\/fgm-cdonor.org\/#organization\"},\"potentialAction\":[{\"@type\":\"SearchAction\",\"target\":{\"@type\":\"EntryPoint\",\"urlTemplate\":\"https:\/\/fgm-cdonor.org\/?s={search_term_string}\"},\"query-input\":{\"@type\":\"PropertyValueSpecification\",\"valueRequired\":true,\"valueName\":\"search_term_string\"}}],\"inLanguage\":\"fr-FR\"},{\"@type\":\"Organization\",\"@id\":\"https:\/\/fgm-cdonor.org\/#organization\",\"name\":\"FGM CDONOR\",\"url\":\"https:\/\/fgm-cdonor.org\/\",\"logo\":{\"@type\":\"ImageObject\",\"inLanguage\":\"fr-FR\",\"@id\":\"https:\/\/fgm-cdonor.org\/#\/schema\/logo\/image\/\",\"url\":\"https:\/\/fgm-cdonor.org\/wp-content\/uploads\/2022\/02\/architecture_logo.png\",\"contentUrl\":\"https:\/\/fgm-cdonor.org\/wp-content\/uploads\/2022\/02\/architecture_logo.png\",\"width\":159,\"height\":60,\"caption\":\"FGM CDONOR\"},\"image\":{\"@id\":\"https:\/\/fgm-cdonor.org\/#\/schema\/logo\/image\/\"}}]}<\/script>\n<!-- \/ Yoast SEO plugin. -->","yoast_head_json":{"title":"About Us - FGM CDONOR","robots":{"index":"index","follow":"follow","max-snippet":"max-snippet:-1","max-image-preview":"max-image-preview:large","max-video-preview":"max-video-preview:-1"},"canonical":"https:\/\/fgm-cdonor.org\/?page_id=113","og_locale":"fr_FR","og_type":"article","og_title":"About Us - FGM CDONOR","og_url":"https:\/\/fgm-cdonor.org\/?page_id=113","og_site_name":"FGM CDONOR","twitter_card":"summary_large_image","twitter_misc":{"Dur\u00e9e de lecture estim\u00e9e":"1 minute"},"schema":{"@context":"https:\/\/schema.org","@graph":[{"@type":"WebPage","@id":"https:\/\/fgm-cdonor.org\/?page_id=113","url":"https:\/\/fgm-cdonor.org\/?page_id=113","name":"About Us - FGM CDONOR","isPartOf":{"@id":"https:\/\/fgm-cdonor.org\/#website"},"datePublished":"2022-02-24T00:37:09+00:00","breadcrumb":{"@id":"https:\/\/fgm-cdonor.org\/?page_id=113#breadcrumb"},"inLanguage":"fr-FR","potentialAction":[{"@type":"ReadAction","target":["https:\/\/fgm-cdonor.org\/?page_id=113"]}]},{"@type":"BreadcrumbList","@id":"https:\/\/fgm-cdonor.org\/?page_id=113#breadcrumb","itemListElement":[{"@type":"ListItem","position":1,"name":"Accueil","item":"https:\/\/fgm-cdonor.org\/"},{"@type":"ListItem","position":2,"name":"About Us"}]},{"@type":"WebSite","@id":"https:\/\/fgm-cdonor.org\/#website","url":"https:\/\/fgm-cdonor.org\/","name":"FGM CDONOR","description":"Design Blog","publisher":{"@id":"https:\/\/fgm-cdonor.org\/#organization"},"potentialAction":[{"@type":"SearchAction","target":{"@type":"EntryPoint","urlTemplate":"https:\/\/fgm-cdonor.org\/?s={search_term_string}"},"query-input":{"@type":"PropertyValueSpecification","valueRequired":true,"valueName":"search_term_string"}}],"inLanguage":"fr-FR"},{"@type":"Organization","@id":"https:\/\/fgm-cdonor.org\/#organization","name":"FGM CDONOR","url":"https:\/\/fgm-cdonor.org\/","logo":{"@type":"ImageObject","inLanguage":"fr-FR","@id":"https:\/\/fgm-cdonor.org\/#\/schema\/logo\/image\/","url":"https:\/\/fgm-cdonor.org\/wp-content\/uploads\/2022\/02\/architecture_logo.png","contentUrl":"https:\/\/fgm-cdonor.org\/wp-content\/uploads\/2022\/02\/architecture_logo.png","width":159,"height":60,"caption":"FGM CDONOR"},"image":{"@id":"https:\/\/fgm-cdonor.org\/#\/schema\/logo\/image\/"}}]}},"_links":{"self":[{"href":"https:\/\/fgm-cdonor.org\/index.php?rest_route=\/wp\/v2\/pages\/113"}],"collection":[{"href":"https:\/\/fgm-cdonor.org\/index.php?rest_route=\/wp\/v2\/pages"}],"about":[{"href":"https:\/\/fgm-cdonor.org\/index.php?rest_route=\/wp\/v2\/types\/page"}],"author":[{"embeddable":true,"href":"https:\/\/fgm-cdonor.org\/index.php?rest_route=\/wp\/v2\/users\/1"}],"replies":[{"embeddable":true,"href":"https:\/\/fgm-cdonor.org\/index.php?rest_route=%2Fwp%2Fv2%2Fcomments&post=113"}],"version-history":[{"count":0,"href":"https:\/\/fgm-cdonor.org\/index.php?rest_route=\/wp\/v2\/pages\/113\/revisions"}],"wp:attachment":[{"href":"https:\/\/fgm-cdonor.org\/index.php?rest_route=%2Fwp%2Fv2%2Fmedia&parent=113"}],"curies":[{"name":"wp","href":"https:\/\/api.w.org\/{rel}","templated":true}]}}